{"id":283,"date":"2020-08-11T14:01:38","date_gmt":"2020-08-11T14:01:38","guid":{"rendered":"http:\/\/meditationsaintetienne.home.blog\/?page_id=283"},"modified":"2022-06-28T07:30:08","modified_gmt":"2022-06-28T07:30:08","slug":"nous-trouver","status":"publish","type":"page","link":"https:\/\/www.meditation-saint-etienne.fr\/?page_id=283","title":{"rendered":"Nous trouver"},"content":{"rendered":"\n<p>Toutes nos activit\u00e9s se d\u00e9roulent au centre social BEAULIEU, 11 boulevard Karl Marx, 42 100 Saint-Etienne. <br>T\u00e9l\u00e9phone: <a href=\"https:\/\/www.google.com\/search?q=centre+social+beaulieu&amp;oq=centre+social+beaulieu&amp;aqs=chrome.0.69i59j0l5j69i60l2.4611j0j7&amp;sourceid=chrome&amp;ie=UTF-8#\">04 77 25 38 52<\/a><\/p>\n\n\n\n<p>Pour plus d&rsquo;informations, vous pouvez contacter Jacques Vignon (facilitateur de Pleine Pr\u00e9sence, voir Qui sommes-nous) au  06 43 28 30 26 ou par mail jacquesyeunten@gmail.com<\/p>\n\n\n\n<p>Site du centre social: <a href=\"https:\/\/www.centre-social-beaulieu.fr\/\">https:\/\/www.centre-social-beaulieu.fr\/<\/a><\/p>\n\n\n\n<p>Lignes de bus: M2 ou bus 12 arr\u00eat \u00e9cole des mines.<\/p>\n\n\n\n<div style=\"height:32px\" aria-hidden=\"true\" class=\"wp-block-spacer desktop-only\"><\/div>\n\n\n\n<hr class=\"wp-block-separator has-css-opacity is-style-wide\"\/>\n\n\n\n<div style=\"height:32px\" aria-hidden=\"true\" class=\"wp-block-spacer\"><\/div>\n","protected":false},"excerpt":{"rendered":"<p>Toutes nos activit\u00e9s se d\u00e9roulent au centre social BEAULIEU, 11 boulevard Karl Marx, 42 100 Saint-Etienne. T\u00e9l\u00e9phone: 04 77 25 38 52 Pour plus d&rsquo;informations, vous pouvez contacter Jacques Vignon (facilitateur de Pleine Pr\u00e9sence, voir Qui sommes-nous) au 06 43 28 30 26 ou par mail jacquesyeunten@gmail.com Site du centre social: https:\/\/www.centre-social-beaulieu.fr\/ Lignes de bus: [&hellip;]<\/p>\n","protected":false},"author":2,"featured_media":0,"parent":0,"menu_order":0,"comment_status":"closed","ping_status":"closed","template":"","meta":{"footnotes":""},"class_list":["post-283","page","type-page","status-publish","hentry"],"_links":{"self":[{"href":"https:\/\/www.meditation-saint-etienne.fr\/index.php?rest_route=\/wp\/v2\/pages\/283","targetHints":{"allow":["GET"]}}],"collection":[{"href":"https:\/\/www.meditation-saint-etienne.fr\/index.php?rest_route=\/wp\/v2\/pages"}],"about":[{"href":"https:\/\/www.meditation-saint-etienne.fr\/index.php?rest_route=\/wp\/v2\/types\/page"}],"author":[{"embeddable":true,"href":"https:\/\/www.meditation-saint-etienne.fr\/index.php?rest_route=\/wp\/v2\/users\/2"}],"replies":[{"embeddable":true,"href":"https:\/\/www.meditation-saint-etienne.fr\/index.php?rest_route=%2Fwp%2Fv2%2Fcomments&post=283"}],"version-history":[{"count":3,"href":"https:\/\/www.meditation-saint-etienne.fr\/index.php?rest_route=\/wp\/v2\/pages\/283\/revisions"}],"predecessor-version":[{"id":472,"href":"https:\/\/www.meditation-saint-etienne.fr\/index.php?rest_route=\/wp\/v2\/pages\/283\/revisions\/472"}],"wp:attachment":[{"href":"https:\/\/www.meditation-saint-etienne.fr\/index.php?rest_route=%2Fwp%2Fv2%2Fmedia&parent=283"}],"curies":[{"name":"wp","href":"https:\/\/api.w.org\/{rel}","templated":true}]}}